{"id":923,"date":"2026-01-06T21:58:38","date_gmt":"2026-01-06T21:58:38","guid":{"rendered":"https:\/\/ramechocolat.com\/?post_type=product&#038;p=923"},"modified":"2026-02-22T14:18:06","modified_gmt":"2026-02-22T14:18:06","slug":"rame-28li-artisan-pralin-kutusu","status":"publish","type":"product","link":"https:\/\/ramechocolat.com\/en\/product\/rame-28li-artisan-pralin-kutusu\/","title":{"rendered":"RAME \u2013 Box of 28 Artisan Pralines"},"content":{"rendered":"<div>\n<p>\u00dcRET\u0130M &amp; KAL\u0130TE<\/p>\n<p>RAME \u00e7ikolatalar\u0131, Bel\u00e7ika men\u015feli Callebaut kuvert\u00fcr \u00e7ikolata ve Callebaut kakao ya\u011f\u0131 kullan\u0131larak \u00fcretilir.<br \/>\nT\u00fcm \u00fcr\u00fcnler el yap\u0131m\u0131d\u0131r ve temperleme y\u00f6ntemiyle haz\u0131rlan\u0131r; re\u00e7eteler katk\u0131 maddesi ve rafine \u015feker i\u00e7ermez.<\/p>\n<\/div>\n<div>KARI\u015eIK PRAL\u0130N \u0130\u00c7ER\u0130\u011e\u0130<\/div>\n<div>\u2022Bitter \u00e7ikolatal\u0131 karadut<\/div>\n<div>\u2022Ruby \u00e7ikolatal\u0131 \u00e7ilek<\/div>\n<div>\u2022Bitter \u00e7ikolatal\u0131 mango &amp; passion fruit<\/div>\n<div>\u2022Beyaz \u00e7ikolatal\u0131 lime<\/div>\n<div>\u2022S\u00fctl\u00fc \u00e7ikolatal\u0131 f\u0131nd\u0131k gianduja<\/div>\n<div>\u2022Bitter \u00e7ikolatal\u0131 tuzlu karamel<\/div>\n<div>\u2022Sade s\u00fctl\u00fc \u00e7ikolata<\/div>\n<div>\u2022S\u00fctl\u00fc \u00e7ikolatal\u0131 tahin<\/div>\n<div>(Kar\u0131\u015f\u0131k kutularda tat da\u011f\u0131l\u0131m\u0131 stok durumuna g\u00f6re dengeli \u015fekilde yap\u0131l\u0131r.)<\/div>","protected":false},"excerpt":{"rendered":"<p>\u00dcRET\u0130M &amp; KAL\u0130TE RAME \u00e7ikolatalar\u0131, Bel\u00e7ika men\u015feli Callebaut kuvert\u00fcr \u00e7ikolata ve Callebaut kakao ya\u011f\u0131 kullan\u0131larak \u00fcretilir. T\u00fcm \u00fcr\u00fcnler el yap\u0131m\u0131d\u0131r ve temperleme y\u00f6ntemiyle haz\u0131rlan\u0131r; re\u00e7eteler katk\u0131 maddesi ve rafine \u015feker i\u00e7ermez. KARI\u015eIK PRAL\u0130N \u0130\u00c7ER\u0130\u011e\u0130 \u2022Bitter \u00e7ikolatal\u0131 karadut \u2022Ruby \u00e7ikolatal\u0131 \u00e7ilek \u2022Bitter \u00e7ikolatal\u0131 mango &amp; passion fruit \u2022Beyaz \u00e7ikolatal\u0131 lime \u2022S\u00fctl\u00fc \u00e7ikolatal\u0131 f\u0131nd\u0131k gianduja \u2022Bitter \u00e7ikolatal\u0131 [&hellip;]<\/p>","protected":false},"featured_media":924,"comment_status":"open","ping_status":"closed","template":"","meta":{"saved_in_kubio":false},"product_brand":[],"product_cat":[28],"product_tag":[],"class_list":{"0":"post-923","1":"product","2":"type-product","3":"status-publish","4":"has-post-thumbnail","6":"product_cat-genel","8":"first","9":"instock","10":"taxable","11":"shipping-taxable","12":"purchasable","13":"product-type-simple"},"_links":{"self":[{"href":"https:\/\/ramechocolat.com\/en\/wp-json\/wp\/v2\/product\/923","targetHints":{"allow":["GET"]}}],"collection":[{"href":"https:\/\/ramechocolat.com\/en\/wp-json\/wp\/v2\/product"}],"about":[{"href":"https:\/\/ramechocolat.com\/en\/wp-json\/wp\/v2\/types\/product"}],"replies":[{"embeddable":true,"href":"https:\/\/ramechocolat.com\/en\/wp-json\/wp\/v2\/comments?post=923"}],"wp:featuredmedia":[{"embeddable":true,"href":"https:\/\/ramechocolat.com\/en\/wp-json\/wp\/v2\/media\/924"}],"wp:attachment":[{"href":"https:\/\/ramechocolat.com\/en\/wp-json\/wp\/v2\/media?parent=923"}],"wp:term":[{"taxonomy":"product_brand","embeddable":true,"href":"https:\/\/ramechocolat.com\/en\/wp-json\/wp\/v2\/product_brand?post=923"},{"taxonomy":"product_cat","embeddable":true,"href":"https:\/\/ramechocolat.com\/en\/wp-json\/wp\/v2\/product_cat?post=923"},{"taxonomy":"product_tag","embeddable":true,"href":"https:\/\/ramechocolat.com\/en\/wp-json\/wp\/v2\/product_tag?post=923"}],"curies":[{"name":"wp","href":"https:\/\/api.w.org\/{rel}","templated":true}]}}