{"id":933,"date":"2026-01-06T22:04:07","date_gmt":"2026-01-06T22:04:07","guid":{"rendered":"https:\/\/ramechocolat.com\/?post_type=product&#038;p=933"},"modified":"2026-03-01T23:14:58","modified_gmt":"2026-03-01T23:14:58","slug":"rame-lake-ahsap-kutu-nakis-islemeli-kanvas-cantasi-ile-birlikte","status":"publish","type":"product","link":"https:\/\/ramechocolat.com\/en\/product\/rame-lake-ahsap-kutu-nakis-islemeli-kanvas-cantasi-ile-birlikte\/","title":{"rendered":"Rame Lake Wooden Box &amp; Embroidered Canvas Bag Included"},"content":{"rendered":"<p>RAME Diamond Serisi<br \/>\nS\u0131n\u0131rl\u0131 s\u00fcreli \u00f6zel f\u0131rsat:<br \/>\nBu \u00fcr\u00fcn 12 adet artisan \u00e7ikolata i\u00e7erir. Sat\u0131n ald\u0131\u011f\u0131n\u0131zda, ek olarak 12 adet \u00e7ikolata \u00fccretsiz hediye edilir.<\/p>\n<p>Diamond Serisi \u2014 zarafeti, tasar\u0131m\u0131 ve i\u015f\u00e7ili\u011fiyle \u00f6ne \u00e7\u0131kan \u00f6zel bir koleksiyon.<br \/>\nAh\u015fap kutu, m\u0131knat\u0131sl\u0131 otomatik a\u00e7\u0131l\u0131r mekanizmaya sahiptir ve i\u00e7i kadife dokuludur. Kutuyu saran nak\u0131\u015fl\u0131 kaliteli kanvas k\u0131l\u0131f, \u00e7ikolatalar\u0131n\u0131z\u0131 sunum a\u00e7\u0131s\u0131ndan m\u00fckemmelle\u015ftirir.<\/p>\n<p>Rame Chocolat\u2019\u0131n m\u00fccevher gibi \u0131\u015f\u0131ldayan el yap\u0131m\u0131 \u00e7ikolatalar\u0131yla birle\u015fen Diamond Serisi, unutulmaz bir hediye deneyimi sunmaktad\u0131r.<\/p>\n<p>RAME Diamond Series<br \/>\nLimited Time Offer:<br \/>\nThis item contains 12 artisan chocolates. With your purchase, you will receive an additional 12 chocolates free of charge.<\/p>\n<p>The Diamond Series \u2014 a collection distinguished by elegance, design, and craftsmanship.<br \/>\nThe wooden box features a magnetic auto-opening mechanism and a velvet-lined interior. Wrapped in a high-quality embroidered canvas sleeve, it presents your chocolates with refined sophistication.<\/p>\n<p>Combined with Rame Chocolat\u2019s jewel-like artisan chocolates, the Diamond Series delivers an unforgettable gift experience.<\/p>","protected":false},"excerpt":{"rendered":"<p>RAME Diamond Serisi S\u0131n\u0131rl\u0131 s\u00fcreli \u00f6zel f\u0131rsat: Bu \u00fcr\u00fcn 12 adet artisan \u00e7ikolata i\u00e7erir. Sat\u0131n ald\u0131\u011f\u0131n\u0131zda, ek olarak 12 adet \u00e7ikolata \u00fccretsiz hediye edilir. Diamond Serisi \u2014 zarafeti, tasar\u0131m\u0131 ve i\u015f\u00e7ili\u011fiyle \u00f6ne \u00e7\u0131kan \u00f6zel bir koleksiyon. Ah\u015fap kutu, m\u0131knat\u0131sl\u0131 otomatik a\u00e7\u0131l\u0131r mekanizmaya sahiptir ve i\u00e7i kadife dokuludur. Kutuyu saran nak\u0131\u015fl\u0131 kaliteli kanvas k\u0131l\u0131f, \u00e7ikolatalar\u0131n\u0131z\u0131 sunum [&hellip;]<\/p>","protected":false},"featured_media":928,"comment_status":"open","ping_status":"closed","template":"","meta":{"saved_in_kubio":false},"product_brand":[],"product_cat":[28],"product_tag":[],"class_list":{"0":"post-933","1":"product","2":"type-product","3":"status-publish","4":"has-post-thumbnail","6":"product_cat-genel","8":"first","9":"instock","10":"taxable","11":"shipping-taxable","12":"purchasable","13":"product-type-simple"},"_links":{"self":[{"href":"https:\/\/ramechocolat.com\/en\/wp-json\/wp\/v2\/product\/933","targetHints":{"allow":["GET"]}}],"collection":[{"href":"https:\/\/ramechocolat.com\/en\/wp-json\/wp\/v2\/product"}],"about":[{"href":"https:\/\/ramechocolat.com\/en\/wp-json\/wp\/v2\/types\/product"}],"replies":[{"embeddable":true,"href":"https:\/\/ramechocolat.com\/en\/wp-json\/wp\/v2\/comments?post=933"}],"wp:featuredmedia":[{"embeddable":true,"href":"https:\/\/ramechocolat.com\/en\/wp-json\/wp\/v2\/media\/928"}],"wp:attachment":[{"href":"https:\/\/ramechocolat.com\/en\/wp-json\/wp\/v2\/media?parent=933"}],"wp:term":[{"taxonomy":"product_brand","embeddable":true,"href":"https:\/\/ramechocolat.com\/en\/wp-json\/wp\/v2\/product_brand?post=933"},{"taxonomy":"product_cat","embeddable":true,"href":"https:\/\/ramechocolat.com\/en\/wp-json\/wp\/v2\/product_cat?post=933"},{"taxonomy":"product_tag","embeddable":true,"href":"https:\/\/ramechocolat.com\/en\/wp-json\/wp\/v2\/product_tag?post=933"}],"curies":[{"name":"wp","href":"https:\/\/api.w.org\/{rel}","templated":true}]}}